{"id":13,"date":"2022-12-21T11:17:24","date_gmt":"2022-12-21T10:17:24","guid":{"rendered":"https:\/\/lehre.boesch-karriere.at\/?page_id=13"},"modified":"2023-01-16T13:56:28","modified_gmt":"2023-01-16T12:56:28","slug":"lehre-bei-bosch","status":"publish","type":"page","link":"https:\/\/lehre.boesch-karriere.at\/","title":{"rendered":""},"content":{"rendered":"\n<style type=\"text\/css\" data-created_by=\"avia_inline_auto\" id=\"style-css-av-lcyseetk-6a8072a3dd04e65fa88978b021022c35\">\n#top .av-special-heading.av-lcyseetk-6a8072a3dd04e65fa88978b021022c35{\npadding-bottom:10px;\n}\nbody .av-special-heading.av-lcyseetk-6a8072a3dd04e65fa88978b021022c35 .av-special-heading-tag .heading-char{\nfont-size:25px;\n}\n.av-special-heading.av-lcyseetk-6a8072a3dd04e65fa88978b021022c35 .av-subheading{\nfont-size:15px;\n}\n<\/style>\n<div  class='av-special-heading av-lcyseetk-6a8072a3dd04e65fa88978b021022c35 av-special-heading-h3  avia-builder-el-0  el_before_av_one_half  avia-builder-el-first '><h3 class='av-special-heading-tag'  itemprop=\"headline\"  >#\u00dcber die Lehre bei b\u00f6sch<\/h3><div class=\"special-heading-border\"><div class=\"special-heading-inner-border\"><\/div><\/div><\/div>\n<div class='flex_column av-av_one_half-7714eba142aeda1f8b5272a3c372b279 av_one_half  avia-builder-el-1  el_after_av_heading  el_before_av_one_half  first flex_column_div '     ><style type=\"text\/css\" data-created_by=\"avia_inline_auto\" id=\"style-css-av-lcysxju7-d4728003a5514843e75ef1cf73059147\">\n.avia-image-container.av-lcysxju7-d4728003a5514843e75ef1cf73059147 img.avia_image{\nbox-shadow:none;\n}\n.avia-image-container.av-lcysxju7-d4728003a5514843e75ef1cf73059147 .av-image-caption-overlay-center{\ncolor:#ffffff;\n}\n<\/style>\n<div  class='avia-image-container av-lcysxju7-d4728003a5514843e75ef1cf73059147 av-styling- avia-align-center  avia-builder-el-2  avia-builder-el-no-sibling '   itemprop=\"image\" itemscope=\"itemscope\" itemtype=\"https:\/\/schema.org\/ImageObject\" ><div class=\"avia-image-container-inner\"><div class=\"avia-image-overlay-wrap\"><img decoding=\"async\" class='wp-image-55 avia-img-lazy-loading-not-55 avia_image ' src=\"https:\/\/lehre.boesch-karriere.at\/wp-content\/uploads\/2023\/01\/schaltschrankbau_24-1.jpg\" alt='' title='schaltschrankbau_24 (1)'  height=\"290\" width=\"433\"  itemprop=\"thumbnailUrl\" srcset=\"https:\/\/lehre.boesch-karriere.at\/wp-content\/uploads\/2023\/01\/schaltschrankbau_24-1.jpg 433w, https:\/\/lehre.boesch-karriere.at\/wp-content\/uploads\/2023\/01\/schaltschrankbau_24-1-300x201.jpg 300w, https:\/\/lehre.boesch-karriere.at\/wp-content\/uploads\/2023\/01\/schaltschrankbau_24-1-173x116.jpg 173w\" sizes=\"(max-width: 433px) 100vw, 433px\" \/><\/div><\/div><\/div><\/div><div class='flex_column av-av_one_half-f1c518e9ff58e869f80c8f093487abc9 av_one_half  avia-builder-el-3  el_after_av_one_half  el_before_av_hr  flex_column_div '     ><section  class='av_textblock_section av-lcysx6kn-b72994dfd5a5b66ce42e9e91b09aa17a'  itemscope=\"itemscope\" itemtype=\"https:\/\/schema.org\/CreativeWork\" ><div class='avia_textblock'  itemprop=\"text\" ><p>Du interessierst dich f\u00fcr ein Unternehmen in dem du nicht nur einen Teilbereich sondern das \u201eGro\u00dfe Ganze\u201c siehst? Dann bist du hier genau richtig! Wir sind markf\u00fchrend f\u00fcr Gesamtl\u00f6sungen im Heizungs,- Klima- und L\u00fcftungsbereich.<\/p>\n<p>Damit das klappt, m\u00fcssen sehr viele Teilbereiche wie Zahnr\u00e4der ineinandergreifen. Aus diesem Grund suchen wir die next Generation die ein Teil der b\u00f6sch-Familie wird. Mit deiner Ausbildung\u00a0 bei uns erwartet dich eine Reise, die deine fachlichen und pers\u00f6nlichen Skills ausbaut und schult.<\/p>\n<p>Durch unser Rotations-Prinzip in der Ausbildung kannst du in viele Teilbereiche von deinem Lehrberuf schnuppern. So kannst du bestm\u00f6glich feststellen wo deine St\u00e4rken liegen.<\/p>\n<p>Durch unsere langj\u00e4hrige Erfahrung in der Lehrlingsausbildung wissen wir, wie wir deine F\u00e4higkeiten bestm\u00f6glich auf die n\u00e4chste Stufe heben k\u00f6nnen. Wenn es mal nicht so klappt wie gew\u00fcnscht, gilt unser Motto \u2013 <strong>\u201ezem schaffmas\u201c.<\/strong><\/p>\n<\/div><\/section><\/div>\n<style type=\"text\/css\" data-created_by=\"avia_inline_auto\" id=\"style-css-av-lcyt7fp3-9f4751c5abf11776f4fda2511428816b\">\n#top .hr.hr-invisible.av-lcyt7fp3-9f4751c5abf11776f4fda2511428816b{\nheight:50px;\n}\n<\/style>\n<div  class='hr av-lcyt7fp3-9f4751c5abf11776f4fda2511428816b hr-invisible  avia-builder-el-5  el_after_av_one_half  el_before_av_heading '><span class='hr-inner '><span class=\"hr-inner-style\"><\/span><\/span><\/div><\/p>\n\n<style type=\"text\/css\" data-created_by=\"avia_inline_auto\" id=\"style-css-av-lcyscsmi-25252aecc9e5d748736838c688c29550\">\n#top .av-special-heading.av-lcyscsmi-25252aecc9e5d748736838c688c29550{\npadding-bottom:10px;\n}\nbody .av-special-heading.av-lcyscsmi-25252aecc9e5d748736838c688c29550 .av-special-heading-tag .heading-char{\nfont-size:25px;\n}\n.av-special-heading.av-lcyscsmi-25252aecc9e5d748736838c688c29550 .av-subheading{\nfont-size:15px;\n}\n<\/style>\n<div  class='av-special-heading av-lcyscsmi-25252aecc9e5d748736838c688c29550 av-special-heading-h3  avia-builder-el-6  el_after_av_hr  el_before_av_hr '><h3 class='av-special-heading-tag'  itemprop=\"headline\"  >Factbox<\/h3><div class=\"special-heading-border\"><div class=\"special-heading-inner-border\"><\/div><\/div><\/div>\n\n<style type=\"text\/css\" data-created_by=\"avia_inline_auto\" id=\"style-css-av-lcyt7zup-bd5c4fecfc5e4fd0a9eb9fba780eed06\">\n#top .hr.hr-invisible.av-lcyt7zup-bd5c4fecfc5e4fd0a9eb9fba780eed06{\nheight:25px;\n}\n<\/style>\n<div  class='hr av-lcyt7zup-bd5c4fecfc5e4fd0a9eb9fba780eed06 hr-invisible  avia-builder-el-7  el_after_av_heading  el_before_av_one_fourth '><span class='hr-inner '><span class=\"hr-inner-style\"><\/span><\/span><\/div>\n<div class='flex_column av-2lakp-de59ae8a625619df49487a4fa3c61266 av_one_fourth  avia-builder-el-8  el_after_av_hr  el_before_av_one_fourth  first flex_column_div '     ><div  class=\"avia-animated-number av-lcys63ig-7f5983a90fd931c65b3ca8b9bd07d254 av-force-default-color avia_animate_when_visible  avia-builder-el-9  avia-builder-el-no-sibling  \" data-timer=\"3000\"><strong class=\"heading avia-animated-number-title\"><span class='avia-animated-number-icon av-icon-before-number av-icon-char' aria-hidden='true' data-av_icon='\ue841' data-av_iconfont='entypo-fontello'><\/span><span class=\"avia-single-number __av-single-number\" data-number_format=\"\" data-number=\"6\" data-start_from=\"0\">6<\/span><\/strong><div class=\"avia-animated-number-content\"><p>Ausbilungsberufe stehen dir zur Auswahl<\/p>\n<\/div><\/div><\/div>\n<div class='flex_column av-1xe5p-7a94913a2a5413bb4fa1196174b45479 av_one_fourth  avia-builder-el-10  el_after_av_one_fourth  el_before_av_one_fourth  flex_column_div '     ><div  class=\"avia-animated-number av-lcys6mg4-dfe533e7ecae8c28368c2bd496965c09 av-force-default-color avia_animate_when_visible  avia-builder-el-11  avia-builder-el-no-sibling  \" data-timer=\"3000\"><strong class=\"heading avia-animated-number-title\"><span class='avia-animated-number-icon av-icon-before-number av-icon-char' aria-hidden='true' data-av_icon='\ue80a' data-av_iconfont='entypo-fontello'><\/span><span class=\"avia-single-number __av-single-number\" data-number_format=\"\" data-number=\"3\" data-start_from=\"0\">3<\/span><span class=\"avia-no-number\"> <\/span><\/strong><div class=\"avia-animated-number-content\"><p>Ausbildner sind f\u00fcr dich da<\/p>\n<\/div><\/div><\/div>\n<div class='flex_column av-1kn4p-3ff87f720b3c37ca8cdf89dec040bcf9 av_one_fourth  avia-builder-el-12  el_after_av_one_fourth  el_before_av_one_fourth  flex_column_div '     ><div  class=\"avia-animated-number av-lcys7owo-bdebef7ac12949984929ed60d4c8b609 av-force-default-color avia_animate_when_visible  avia-builder-el-13  avia-builder-el-no-sibling  \" data-timer=\"3000\"><strong class=\"heading avia-animated-number-title\"><span class='avia-animated-number-icon av-icon-before-number av-icon-char' aria-hidden='true' data-av_icon='\ue808' data-av_iconfont='entypo-fontello'><\/span><span class=\"avia-single-number __av-single-number\" data-number_format=\"\" data-number=\"281\" data-start_from=\"0\">281<\/span><\/strong><div class=\"avia-animated-number-content\"><p>Lehrlinge haben wir bereits ausgebildet<\/p>\n<\/div><\/div><\/div>\n<div class='flex_column av-o0il-1395c305f5a83398c7c4b239409e623f av_one_fourth  avia-builder-el-14  el_after_av_one_fourth  el_before_av_hr  flex_column_div '     ><div  class=\"avia-animated-number av-lcys8h54-488c6ee7ed32f7de1c4fb1f8f5535b70 av-force-default-color avia_animate_when_visible  avia-builder-el-15  avia-builder-el-no-sibling  \" data-timer=\"3000\"><strong class=\"heading avia-animated-number-title\"><span class='avia-animated-number-icon av-icon-before-number av-icon-char' aria-hidden='true' data-av_icon='\ue8c9' data-av_iconfont='entypo-fontello'><\/span><span class=\"avia-single-number __av-single-number\" data-number_format=\"\" data-number=\"75\" data-start_from=\"0\">75<\/span><\/strong><div class=\"avia-animated-number-content\"><p>Jahre lang sind wir schon Ausbildungsbetrieb<\/p>\n<\/div><\/div><\/div>\n\n<style type=\"text\/css\" data-created_by=\"avia_inline_auto\" id=\"style-css-av-lcyt7kd1-33ae053db1808abcf3aa330e25d899da\">\n#top .hr.hr-invisible.av-lcyt7kd1-33ae053db1808abcf3aa330e25d899da{\nheight:50px;\n}\n<\/style>\n<div  class='hr av-lcyt7kd1-33ae053db1808abcf3aa330e25d899da hr-invisible  avia-builder-el-16  el_after_av_one_fourth  el_before_av_heading '><span class='hr-inner '><span class=\"hr-inner-style\"><\/span><\/span><\/div>\n\n<style type=\"text\/css\" data-created_by=\"avia_inline_auto\" id=\"style-css-av-lcysgzha-2781452ac7cd03679022912525619817\">\n#top .av-special-heading.av-lcysgzha-2781452ac7cd03679022912525619817{\npadding-bottom:10px;\n}\nbody .av-special-heading.av-lcysgzha-2781452ac7cd03679022912525619817 .av-special-heading-tag .heading-char{\nfont-size:25px;\n}\n.av-special-heading.av-lcysgzha-2781452ac7cd03679022912525619817 .av-subheading{\nfont-size:15px;\n}\n<\/style>\n<div  class='av-special-heading av-lcysgzha-2781452ac7cd03679022912525619817 av-special-heading-h3  avia-builder-el-17  el_after_av_hr  el_before_av_timeline '><h3 class='av-special-heading-tag'  itemprop=\"headline\"  >Dein Weg zur Lehre<\/h3><div class=\"special-heading-border\"><div class=\"special-heading-inner-border\"><\/div><\/div><\/div>\n<div  id=\"avia-timeline-1\"  class='avia-timeline-container av-lcysjwiq-9e22e62ea5a1e0edca3a396a89c8e8d2 av-slideshow-ui  avia-builder-el-18  el_after_av_heading  el_before_av_heading ' ><ul class='avia-timeline avia-timeline-vertical av-milestone-placement-alternate avia-timeline- avia_animate_when_almost_visible avia-timeline-animate'>\n<li  class='av-milestone av-lcyshxwd-794f56305896d16ddcaa4195f13cf85f av-animated-generic fade-in av-milestone-valign-baseline av-milestone-odd'><h2 class='av-milestone-date ' id='milestone-1'><strong>1.<span class='av-milestone-indicator'><\/span><\/strong><\/h2><div class=\"av-milestone-icon-wrap\"><span class='av-milestone-icon milestone_icon avia-font-entypo-fontello'><span class='av-milestone-icon-inner milestone_inner'><i class='milestone-char' aria-hidden='true' data-av_icon='\ue808' data-av_iconfont='entypo-fontello'><\/i><\/span><\/span><\/div><article class='av-milestone-content-wrap'><div class='av-milestone-contentbox'><header class=\"entry-content-header\"><h4 class='av-milestone-title '>Lange Nacht der Lehre<\/h4><\/header><div class='av-milestone-content'><\/div><\/div><footer class='av-milestone-article-footer entry-footer'><\/footer><\/article><\/li>\n<li  class='av-milestone av-lcysi4nv-1cffd7f14013ecbd9cde6a5c13e6d1ac av-animated-generic fade-in av-milestone-valign-baseline av-milestone-even'><h2 class='av-milestone-date ' id='milestone-2'><strong>2.<span class='av-milestone-indicator'><\/span><\/strong><\/h2><article class='av-milestone-content-wrap'><div class='av-milestone-contentbox'><header class=\"entry-content-header\"><h4 class='av-milestone-title '>Schnuppern<\/h4><\/header><div class='av-milestone-content'><\/div><\/div><footer class='av-milestone-article-footer entry-footer'><\/footer><\/article><div class=\"av-milestone-icon-wrap\"><span class='av-milestone-icon milestone_icon avia-font-entypo-fontello'><span class='av-milestone-icon-inner milestone_inner'><i class='milestone-char' aria-hidden='true' data-av_icon='\ue8bb' data-av_iconfont='entypo-fontello'><\/i><\/span><\/span><\/div><h2 class='av-milestone-date ' id='milestone-2'><strong>2.<span class='av-milestone-indicator'><\/span><\/strong><\/h2><\/li>\n<li  class='av-milestone av-lcysickj-8cfebb8a0703d570b58a1678e73c4101 av-animated-generic fade-in av-milestone-valign-baseline av-milestone-odd'><h2 class='av-milestone-date ' id='milestone-3'><strong>3. <span class='av-milestone-indicator'><\/span><\/strong><\/h2><div class=\"av-milestone-icon-wrap\"><span class='av-milestone-icon milestone_icon avia-font-entypo-fontello'><span class='av-milestone-icon-inner milestone_inner'><i class='milestone-char' aria-hidden='true' data-av_icon='\ue837' data-av_iconfont='entypo-fontello'><\/i><\/span><\/span><\/div><article class='av-milestone-content-wrap'><div class='av-milestone-contentbox'><header class=\"entry-content-header\"><h4 class='av-milestone-title '>Bewerbung<\/h4><\/header><div class='av-milestone-content'><p>Lass von dir h\u00f6ren!<\/p>\n<\/div><\/div><footer class='av-milestone-article-footer entry-footer'><\/footer><\/article><\/li>\n<li  class='av-milestone av-lcysiqvy-a53f3641dca152435a80077bbb66d68f av-animated-generic fade-in av-milestone-valign-baseline av-milestone-even'><h2 class='av-milestone-date ' id='milestone-4'><strong>4.<span class='av-milestone-indicator'><\/span><\/strong><\/h2><article class='av-milestone-content-wrap'><div class='av-milestone-contentbox'><header class=\"entry-content-header\"><h4 class='av-milestone-title '>pers\u00f6nliches Gespr\u00e4ch<\/h4><\/header><div class='av-milestone-content'><p>Wir finden gemeinsam raus, ob wir zueinander passen.<\/p>\n<\/div><\/div><footer class='av-milestone-article-footer entry-footer'><\/footer><\/article><div class=\"av-milestone-icon-wrap\"><span class='av-milestone-icon milestone_icon avia-font-entypo-fontello'><span class='av-milestone-icon-inner milestone_inner'><i class='milestone-char' aria-hidden='true' data-av_icon='\ue860' data-av_iconfont='entypo-fontello'><\/i><\/span><\/span><\/div><h2 class='av-milestone-date ' id='milestone-4'><strong>4.<span class='av-milestone-indicator'><\/span><\/strong><\/h2><\/li>\n<li  class='av-milestone av-lcysj42u-1dc8d0309c234245ba09bfdb44c1852e av-animated-generic fade-in av-milestone-valign-baseline av-milestone-odd'><h2 class='av-milestone-date ' id='milestone-5'><strong>5.<span class='av-milestone-indicator'><\/span><\/strong><\/h2><div class=\"av-milestone-icon-wrap\"><span class='av-milestone-icon milestone_icon avia-font-entypo-fontello'><span class='av-milestone-icon-inner milestone_inner'><i class='milestone-char' aria-hidden='true' data-av_icon='\ue8a8' data-av_iconfont='entypo-fontello'><\/i><\/span><\/span><\/div><article class='av-milestone-content-wrap'><div class='av-milestone-contentbox'><header class=\"entry-content-header\"><h4 class='av-milestone-title '>Zusage!<\/h4><\/header><div class='av-milestone-content'><p>Wir freuen uns auf dich!<\/p>\n<\/div><\/div><footer class='av-milestone-article-footer entry-footer'><\/footer><\/article><\/li>\n<\/ul><\/div>\n\n<style type=\"text\/css\" data-created_by=\"avia_inline_auto\" id=\"style-css-av-lcysglfm-80688106ea496e5d8652d0f9ddacf46f\">\n#top .av-special-heading.av-lcysglfm-80688106ea496e5d8652d0f9ddacf46f{\npadding-bottom:10px;\n}\nbody .av-special-heading.av-lcysglfm-80688106ea496e5d8652d0f9ddacf46f .av-special-heading-tag .heading-char{\nfont-size:25px;\n}\n.av-special-heading.av-lcysglfm-80688106ea496e5d8652d0f9ddacf46f .av-subheading{\nfont-size:15px;\n}\n<\/style>\n<div  class='av-special-heading av-lcysglfm-80688106ea496e5d8652d0f9ddacf46f av-special-heading-h3  avia-builder-el-19  el_after_av_timeline  el_before_av_testimonials '><h3 class='av-special-heading-tag'  itemprop=\"headline\"  >Testimonials<\/h3><div class=\"special-heading-border\"><div class=\"special-heading-inner-border\"><\/div><\/div><\/div>\n<div  class='avia-testimonial-wrapper av-1jgx9-808aebca7eb6230c991821958640fd75 avia-grid-testimonials avia-grid-2-testimonials avia_animate_when_almost_visible' >\n<section class=\"avia-testimonial-row\"><div class='avia-testimonial av-13ej1-a5817739fe4ec273f916598d762daa96 avia-testimonial-row-1 avia-first-testimonial flex_column no_margin av_one_half'><div class='avia-testimonial_inner'  itemscope=\"itemscope\" itemtype=\"https:\/\/schema.org\/CreativeWork\" ><div class='avia-testimonial-image'  itemprop=\"image\" ><img loading=\"lazy\" decoding=\"async\" width=\"180\" height=\"180\" src=\"https:\/\/lehre.boesch-karriere.at\/wp-content\/uploads\/2023\/01\/boesch-lehrling2-180x180.jpg\" class=\"attachment-square size-square\" alt=\"\" srcset=\"https:\/\/lehre.boesch-karriere.at\/wp-content\/uploads\/2023\/01\/boesch-lehrling2-180x180.jpg 180w, https:\/\/lehre.boesch-karriere.at\/wp-content\/uploads\/2023\/01\/boesch-lehrling2-80x80.jpg 80w, https:\/\/lehre.boesch-karriere.at\/wp-content\/uploads\/2023\/01\/boesch-lehrling2-36x36.jpg 36w\" sizes=\"auto, (max-width: 180px) 100vw, 180px\" \/><\/div><div class='avia-testimonial-content '><div class='avia-testimonial-markup-entry-content'  itemprop=\"text\" ><p>Ich bin durch Freunde auf b\u00f6sch aufmerksam geworden. Nachdem ich zwei Schnuppertage absolviert hatte, war mir klar: &#8220;Da m\u00f6chte ich hin!&#8221;. Am meisten gefiel mir, dass ich sofort mit anpacken konnte und mir alles super gut erkl\u00e4rt wurde. Trotzdem bekommt jeder neue Mitarbeiter die Zeit, um richtig &#8220;anzukommen&#8221;. Die Teamarbeit hier ist ebenfalls spitze und\u00a0wir Lehrlinge lernen die verschiedenen Abteilungen kennen. Ich kann eine Lehre bei der Firma b\u00f6sch wirklich nur weiterempfehlen.<\/p>\n<\/div><\/div><div class=\"avia-testimonial-meta\"><div class=\"avia-testimonial-arrow-wrap\"><div class=\"avia-arrow\"><\/div><\/div><div class='avia-testimonial-meta-mini'  itemprop=\"author\" itemscope=\"itemscope\" itemtype=\"https:\/\/schema.org\/Person\" ><strong  class='avia-testimonial-name'  itemprop=\"name\" >Johanna Pinter<\/strong><span  class='avia-testimonial-subtitle '  itemprop=\"jobTitle\" >Betriebslogistik-Kauffrau im 1. Lehrjahr<\/span><\/div><\/div><\/div><\/div>\n<div class='avia-testimonial av-lbxi7lpg-d497ae01008e7ada063acb61032fefbb avia-testimonial-row-1 avia-last-testimonial flex_column no_margin av_one_half'><div class='avia-testimonial_inner'  itemscope=\"itemscope\" itemtype=\"https:\/\/schema.org\/CreativeWork\" ><div class='avia-testimonial-image'  itemprop=\"image\" ><img loading=\"lazy\" decoding=\"async\" width=\"180\" height=\"180\" src=\"https:\/\/lehre.boesch-karriere.at\/wp-content\/uploads\/2023\/01\/boesch-lehrling-180x180.jpg\" class=\"attachment-square size-square\" alt=\"\" srcset=\"https:\/\/lehre.boesch-karriere.at\/wp-content\/uploads\/2023\/01\/boesch-lehrling-180x180.jpg 180w, https:\/\/lehre.boesch-karriere.at\/wp-content\/uploads\/2023\/01\/boesch-lehrling-80x80.jpg 80w, https:\/\/lehre.boesch-karriere.at\/wp-content\/uploads\/2023\/01\/boesch-lehrling-36x36.jpg 36w\" sizes=\"auto, (max-width: 180px) 100vw, 180px\" \/><\/div><div class='avia-testimonial-content '><div class='avia-testimonial-markup-entry-content'  itemprop=\"text\" ><p>Nach Abschluss des Polytechnischen Lehrgangs habe ich mich f\u00fcr die Lehre zum Elektrotechniker bei b\u00f6sch entschieden. Schon beim Schnuppern hat mir das Arbeitsklima hier\u00a0 gefallen. Die KollegInnen sind alle sehr nett und das Arbeiten macht Spa\u00df. Besonders das Verkabeln und die Vorbereitung direkt bei den L\u00fcftungsger\u00e4ten ist spannend. Top ist auch die Zusammenarbeit mit meinen Ausbildern. Sie nehmen sich Zeit und beantworten gerne und immer alle Fragen.<\/p>\n<\/div><\/div><div class=\"avia-testimonial-meta\"><div class=\"avia-testimonial-arrow-wrap\"><div class=\"avia-arrow\"><\/div><\/div><div class='avia-testimonial-meta-mini'  itemprop=\"author\" itemscope=\"itemscope\" itemtype=\"https:\/\/schema.org\/Person\" ><strong  class='avia-testimonial-name'  itemprop=\"name\" >Fuad Selimovic<\/strong><span  class='avia-testimonial-subtitle '  itemprop=\"jobTitle\" >Elektrotechniker im 2. Lehrjahr<\/span><\/div><\/div><\/div><\/div><\/section>\n<\/div>\n<div class='flex_column av-xqa9-81d8f66209676e4296f59be9dac30c79 av_one_half  avia-builder-el-21  el_after_av_testimonials  avia-builder-el-last  first flex_column_div '     ><\/div>\n","protected":false},"excerpt":{"rendered":"","protected":false},"author":1,"featured_media":0,"parent":0,"menu_order":0,"comment_status":"closed","ping_status":"closed","template":"","meta":{"footnotes":""},"class_list":["post-13","page","type-page","status-publish","hentry"],"_links":{"self":[{"href":"https:\/\/lehre.boesch-karriere.at\/index.php?rest_route=\/wp\/v2\/pages\/13","targetHints":{"allow":["GET"]}}],"collection":[{"href":"https:\/\/lehre.boesch-karriere.at\/index.php?rest_route=\/wp\/v2\/pages"}],"about":[{"href":"https:\/\/lehre.boesch-karriere.at\/index.php?rest_route=\/wp\/v2\/types\/page"}],"author":[{"embeddable":true,"href":"https:\/\/lehre.boesch-karriere.at\/index.php?rest_route=\/wp\/v2\/users\/1"}],"replies":[{"embeddable":true,"href":"https:\/\/lehre.boesch-karriere.at\/index.php?rest_route=%2Fwp%2Fv2%2Fcomments&post=13"}],"version-history":[{"count":23,"href":"https:\/\/lehre.boesch-karriere.at\/index.php?rest_route=\/wp\/v2\/pages\/13\/revisions"}],"predecessor-version":[{"id":66,"href":"https:\/\/lehre.boesch-karriere.at\/index.php?rest_route=\/wp\/v2\/pages\/13\/revisions\/66"}],"wp:attachment":[{"href":"https:\/\/lehre.boesch-karriere.at\/index.php?rest_route=%2Fwp%2Fv2%2Fmedia&parent=13"}],"curies":[{"name":"wp","href":"https:\/\/api.w.org\/{rel}","templated":true}]}}